{"id":15,"date":"2020-01-15T16:30:11","date_gmt":"2020-01-15T15:30:11","guid":{"rendered":"https:\/\/www.lapharmacie-verte.com\/?page_id=15"},"modified":"2022-09-07T19:21:58","modified_gmt":"2022-09-07T17:21:58","slug":"lequipe","status":"publish","type":"page","link":"https:\/\/www.lapharmacie-verte.com\/index.php\/lequipe\/","title":{"rendered":"L&rsquo;\u00e9quipe"},"content":{"rendered":"\n<h2 class=\"wp-block-heading\">Pharmaciens et pr\u00e9parateurs en pharmacie<\/h2>\n\n\n\n<p>Travailler en pharmacie et d\u00e9livrer des m\u00e9dicaments ne peut se faire qu&rsquo;avec un dipl\u00f4me de Docteur en Pharmacie ou de Pr\u00e9parateur en Pharmacie. Le premier s&rsquo;obtient en passant un Th\u00e8se au terme de 6 ann\u00e9es d&rsquo;\u00e9tudes \u00e0 la Facult\u00e9 de Pharmacie. Le second d&rsquo;obtient en 2 ans apr\u00e8s le Bac en int\u00e9grant une \u00e9cole de formation sp\u00e9cialis\u00e9e. <\/p>\n\n\n\n<p>L&rsquo;\u00e9quipe de la pharmacie Verte est compos\u00e9e de 2 pharmaciens, 3 pr\u00e9parateurs et 1 apprentie. Elle vous accueille du lundi au samedi. <\/p>\n\n\n\n<ul class=\"wp-block-list\"><li><strong>Catherine Schick<\/strong> : pharmacien titulaire, dipl\u00f4m\u00e9e de l&rsquo;Universit\u00e9 de Paris V et install\u00e9e \u00e0 Qu\u00e9ven depuis 2008. <\/li><li><strong>Claudia<\/strong>: pharmacien adjoint. <\/li><li><strong>Laurent  <\/strong>: pr\u00e9parateur en pharmacie<\/li><li><strong>Marie <\/strong>: pr\u00e9paratrice en pharmacie<\/li><li><strong>Marie <\/strong>C. : pr\u00e9paratrice en pharmacie<\/li><\/ul>\n\n\n\n<h2 class=\"wp-block-heading\">Qu\u00e9ven pharmacie, une \u00e9quipe tourn\u00e9e vers la formation<\/h2>\n\n\n\n<p>Les m\u00e9tiers de Pharmacien et de Pr\u00e9parateur en pharmacie demandent une grande polyvalence et de nombreuses comp\u00e9tences dans des domaines aussi vari\u00e9s que les m\u00e9dicaments, le mat\u00e9riel m\u00e9dical, la contention veineuses, les m\u00e9decines douces&#8230;<\/p>\n\n\n\n<p>L&rsquo;\u00e9quipe de la <strong>Pharmacie \u00e0 Qu\u00e9ven <\/strong>a fait le choix de la formation continue pour actualiser ses connaissance et garantir aux patients une prestation irr\u00e9prochable. Les formation sont d\u00e9livr\u00e9es par des organismes ind\u00e9pendants quand il s&rsquo;agit d\u2019actualiser ou d&rsquo;approfondir des connaissances ou par les laboratoires eux-m\u00eame quand pour les produits.<\/p>\n\n\n\n<h2 class=\"wp-block-heading\">Rejoindre l&rsquo;\u00e9quipe de la pharmacie \u00e0 Qu\u00e9ven<\/h2>\n\n\n\n<p>Vous habitez Qu\u00e9ven, la r\u00e9gion de Lorient ou souhaitez vous installer en Bretagne sud pour travailler ? Des postes sont disponibles \u00e0 la pharmacie Verte : consulter directement les <a href=\"https:\/\/www.lapharmacie-verte.com\/index.php\/recrutement\/\">offres d&#8217;emploi de la pharmacie<\/a> <\/p>\n\n\n\n<p> <\/p>\n","protected":false},"excerpt":{"rendered":"<p>Pharmaciens et pr\u00e9parateurs en pharmacie Travailler en pharmacie et d\u00e9livrer des m\u00e9dicaments ne peut se faire qu&rsquo;avec un dipl\u00f4me de Docteur en Pharmacie ou de Pr\u00e9parateur en Pharmacie. Le premier s&rsquo;obtient en passant un Th\u00e8se au terme de 6 ann\u00e9es d&rsquo;\u00e9tudes \u00e0 la Facult\u00e9 de&nbsp;<a class=\"read-more\" href=\"https:\/\/www.lapharmacie-verte.com\/index.php\/lequipe\/\">&hellip;<\/a><\/p>\n","protected":false},"author":1,"featured_media":0,"parent":0,"menu_order":0,"comment_status":"closed","ping_status":"closed","template":"","meta":{"footnotes":""},"class_list":["post-15","page","type-page","status-publish","hentry"],"yoast_head":"<!-- This site is optimized with the Yoast SEO plugin v21.8 - https:\/\/yoast.com\/wordpress\/plugins\/seo\/ -->\n<title>L&#039;\u00e9quipe - Pharmacie Qu\u00e9ven<\/title>\n<meta name=\"description\" content=\"L&#039;\u00e9quipe de la pharmacie Verte est form\u00e9e de 2 pharmaciens, 3 pr\u00e9parateurs et 1 apprentie. Elle se forme en permanence pour mieux vous servie.\" \/>\n<meta name=\"robots\" content=\"index, follow, max-snippet:-1, max-image-preview:large, max-video-preview:-1\" \/>\n<link rel=\"canonical\" href=\"https:\/\/www.lapharmacie-verte.com\/index.php\/lequipe\/\" \/>\n<meta property=\"og:locale\" content=\"fr_FR\" \/>\n<meta property=\"og:type\" content=\"article\" \/>\n<meta property=\"og:title\" content=\"L&#039;\u00e9quipe - Pharmacie Qu\u00e9ven\" \/>\n<meta property=\"og:description\" content=\"L&#039;\u00e9quipe de la pharmacie Verte est form\u00e9e de 2 pharmaciens, 3 pr\u00e9parateurs et 1 apprentie. Elle se forme en permanence pour mieux vous servie.\" \/>\n<meta property=\"og:url\" content=\"https:\/\/www.lapharmacie-verte.com\/index.php\/lequipe\/\" \/>\n<meta property=\"og:site_name\" content=\"Pharmacie Qu\u00e9ven\" \/>\n<meta property=\"article:modified_time\" content=\"2022-09-07T17:21:58+00:00\" \/>\n<meta name=\"twitter:card\" content=\"summary_large_image\" \/>\n<meta name=\"twitter:label1\" content=\"Dur\u00e9e de lecture estim\u00e9e\" \/>\n\t<meta name=\"twitter:data1\" content=\"2 minutes\" \/>\n<script type=\"application\/ld+json\" class=\"yoast-schema-graph\">{\"@context\":\"https:\/\/schema.org\",\"@graph\":[{\"@type\":\"WebPage\",\"@id\":\"https:\/\/www.lapharmacie-verte.com\/index.php\/lequipe\/\",\"url\":\"https:\/\/www.lapharmacie-verte.com\/index.php\/lequipe\/\",\"name\":\"L'\u00e9quipe - Pharmacie Qu\u00e9ven\",\"isPartOf\":{\"@id\":\"https:\/\/www.lapharmacie-verte.com\/#website\"},\"datePublished\":\"2020-01-15T15:30:11+00:00\",\"dateModified\":\"2022-09-07T17:21:58+00:00\",\"description\":\"L'\u00e9quipe de la pharmacie Verte est form\u00e9e de 2 pharmaciens, 3 pr\u00e9parateurs et 1 apprentie. Elle se forme en permanence pour mieux vous servie.\",\"breadcrumb\":{\"@id\":\"https:\/\/www.lapharmacie-verte.com\/index.php\/lequipe\/#breadcrumb\"},\"inLanguage\":\"fr-FR\",\"potentialAction\":[{\"@type\":\"ReadAction\",\"target\":[\"https:\/\/www.lapharmacie-verte.com\/index.php\/lequipe\/\"]}]},{\"@type\":\"BreadcrumbList\",\"@id\":\"https:\/\/www.lapharmacie-verte.com\/index.php\/lequipe\/#breadcrumb\",\"itemListElement\":[{\"@type\":\"ListItem\",\"position\":1,\"name\":\"Accueil\",\"item\":\"https:\/\/www.lapharmacie-verte.com\/\"},{\"@type\":\"ListItem\",\"position\":2,\"name\":\"L&rsquo;\u00e9quipe\"}]},{\"@type\":\"WebSite\",\"@id\":\"https:\/\/www.lapharmacie-verte.com\/#website\",\"url\":\"https:\/\/www.lapharmacie-verte.com\/\",\"name\":\"Pharmacie Qu\u00e9ven\",\"description\":\"La Pharmacie Verte\",\"publisher\":{\"@id\":\"https:\/\/www.lapharmacie-verte.com\/#organization\"},\"potentialAction\":[{\"@type\":\"SearchAction\",\"target\":{\"@type\":\"EntryPoint\",\"urlTemplate\":\"https:\/\/www.lapharmacie-verte.com\/?s={search_term_string}\"},\"query-input\":\"required name=search_term_string\"}],\"inLanguage\":\"fr-FR\"},{\"@type\":\"Organization\",\"@id\":\"https:\/\/www.lapharmacie-verte.com\/#organization\",\"name\":\"Pharmacie Qu\u00e9ven\",\"url\":\"https:\/\/www.lapharmacie-verte.com\/\",\"logo\":{\"@type\":\"ImageObject\",\"inLanguage\":\"fr-FR\",\"@id\":\"https:\/\/www.lapharmacie-verte.com\/#\/schema\/logo\/image\/\",\"url\":\"https:\/\/www.lapharmacie-verte.com\/wp-content\/uploads\/2020\/01\/cropped-logo-la-pharmacie-verte.jpg\",\"contentUrl\":\"https:\/\/www.lapharmacie-verte.com\/wp-content\/uploads\/2020\/01\/cropped-logo-la-pharmacie-verte.jpg\",\"width\":187,\"height\":40,\"caption\":\"Pharmacie Qu\u00e9ven\"},\"image\":{\"@id\":\"https:\/\/www.lapharmacie-verte.com\/#\/schema\/logo\/image\/\"}}]}<\/script>\n<!-- \/ Yoast SEO plugin. -->","yoast_head_json":{"title":"L'\u00e9quipe - Pharmacie Qu\u00e9ven","description":"L'\u00e9quipe de la pharmacie Verte est form\u00e9e de 2 pharmaciens, 3 pr\u00e9parateurs et 1 apprentie. Elle se forme en permanence pour mieux vous servie.","robots":{"index":"index","follow":"follow","max-snippet":"max-snippet:-1","max-image-preview":"max-image-preview:large","max-video-preview":"max-video-preview:-1"},"canonical":"https:\/\/www.lapharmacie-verte.com\/index.php\/lequipe\/","og_locale":"fr_FR","og_type":"article","og_title":"L'\u00e9quipe - Pharmacie Qu\u00e9ven","og_description":"L'\u00e9quipe de la pharmacie Verte est form\u00e9e de 2 pharmaciens, 3 pr\u00e9parateurs et 1 apprentie. Elle se forme en permanence pour mieux vous servie.","og_url":"https:\/\/www.lapharmacie-verte.com\/index.php\/lequipe\/","og_site_name":"Pharmacie Qu\u00e9ven","article_modified_time":"2022-09-07T17:21:58+00:00","twitter_card":"summary_large_image","twitter_misc":{"Dur\u00e9e de lecture estim\u00e9e":"2 minutes"},"schema":{"@context":"https:\/\/schema.org","@graph":[{"@type":"WebPage","@id":"https:\/\/www.lapharmacie-verte.com\/index.php\/lequipe\/","url":"https:\/\/www.lapharmacie-verte.com\/index.php\/lequipe\/","name":"L'\u00e9quipe - Pharmacie Qu\u00e9ven","isPartOf":{"@id":"https:\/\/www.lapharmacie-verte.com\/#website"},"datePublished":"2020-01-15T15:30:11+00:00","dateModified":"2022-09-07T17:21:58+00:00","description":"L'\u00e9quipe de la pharmacie Verte est form\u00e9e de 2 pharmaciens, 3 pr\u00e9parateurs et 1 apprentie. Elle se forme en permanence pour mieux vous servie.","breadcrumb":{"@id":"https:\/\/www.lapharmacie-verte.com\/index.php\/lequipe\/#breadcrumb"},"inLanguage":"fr-FR","potentialAction":[{"@type":"ReadAction","target":["https:\/\/www.lapharmacie-verte.com\/index.php\/lequipe\/"]}]},{"@type":"BreadcrumbList","@id":"https:\/\/www.lapharmacie-verte.com\/index.php\/lequipe\/#breadcrumb","itemListElement":[{"@type":"ListItem","position":1,"name":"Accueil","item":"https:\/\/www.lapharmacie-verte.com\/"},{"@type":"ListItem","position":2,"name":"L&rsquo;\u00e9quipe"}]},{"@type":"WebSite","@id":"https:\/\/www.lapharmacie-verte.com\/#website","url":"https:\/\/www.lapharmacie-verte.com\/","name":"Pharmacie Qu\u00e9ven","description":"La Pharmacie Verte","publisher":{"@id":"https:\/\/www.lapharmacie-verte.com\/#organization"},"potentialAction":[{"@type":"SearchAction","target":{"@type":"EntryPoint","urlTemplate":"https:\/\/www.lapharmacie-verte.com\/?s={search_term_string}"},"query-input":"required name=search_term_string"}],"inLanguage":"fr-FR"},{"@type":"Organization","@id":"https:\/\/www.lapharmacie-verte.com\/#organization","name":"Pharmacie Qu\u00e9ven","url":"https:\/\/www.lapharmacie-verte.com\/","logo":{"@type":"ImageObject","inLanguage":"fr-FR","@id":"https:\/\/www.lapharmacie-verte.com\/#\/schema\/logo\/image\/","url":"https:\/\/www.lapharmacie-verte.com\/wp-content\/uploads\/2020\/01\/cropped-logo-la-pharmacie-verte.jpg","contentUrl":"https:\/\/www.lapharmacie-verte.com\/wp-content\/uploads\/2020\/01\/cropped-logo-la-pharmacie-verte.jpg","width":187,"height":40,"caption":"Pharmacie Qu\u00e9ven"},"image":{"@id":"https:\/\/www.lapharmacie-verte.com\/#\/schema\/logo\/image\/"}}]}},"_links":{"self":[{"href":"https:\/\/www.lapharmacie-verte.com\/index.php\/wp-json\/wp\/v2\/pages\/15","targetHints":{"allow":["GET"]}}],"collection":[{"href":"https:\/\/www.lapharmacie-verte.com\/index.php\/wp-json\/wp\/v2\/pages"}],"about":[{"href":"https:\/\/www.lapharmacie-verte.com\/index.php\/wp-json\/wp\/v2\/types\/page"}],"author":[{"embeddable":true,"href":"https:\/\/www.lapharmacie-verte.com\/index.php\/wp-json\/wp\/v2\/users\/1"}],"replies":[{"embeddable":true,"href":"https:\/\/www.lapharmacie-verte.com\/index.php\/wp-json\/wp\/v2\/comments?post=15"}],"version-history":[{"count":9,"href":"https:\/\/www.lapharmacie-verte.com\/index.php\/wp-json\/wp\/v2\/pages\/15\/revisions"}],"predecessor-version":[{"id":115,"href":"https:\/\/www.lapharmacie-verte.com\/index.php\/wp-json\/wp\/v2\/pages\/15\/revisions\/115"}],"wp:attachment":[{"href":"https:\/\/www.lapharmacie-verte.com\/index.php\/wp-json\/wp\/v2\/media?parent=15"}],"curies":[{"name":"wp","href":"https:\/\/api.w.org\/{rel}","templated":true}]}}